{"id":144,"date":"2019-03-28T15:55:55","date_gmt":"2019-03-28T14:55:55","guid":{"rendered":"http:\/\/atae.fr\/?page_id=144"},"modified":"2019-05-21T11:41:26","modified_gmt":"2019-05-21T09:41:26","slug":"le-role-dun-coordonnateur-sps","status":"publish","type":"page","link":"https:\/\/atae.fr\/?page_id=144","title":{"rendered":"Les diff\u00e9rentes cat\u00e9gories de chantiers"},"content":{"rendered":"<h6>Les Coordonnateurs SPS s\u2019organisent en fonction de 3 cat\u00e9gories, elles d\u00e9pendent du nombre de personnes \u00e0 intervenir sur le chantier<\/h6>\n<h6>\u21d2Cat\u00e9gorie 1: Plus de 10 000 hommes x jours<\/h6>\n<h6>\u21d2Cat\u00e9gorie 2: Plus 500 hommes x jours<\/h6>\n<h6>\u21d2Cat\u00e9gorie 3: Autres op\u00e9rations<\/h6>\n<h6>En fonction de chaque cat\u00e9gorie le CSPS doit obtenir une attestation. Elle est d\u00e9livr\u00e9e par un organisme sp\u00e9cifi\u00e9 et doit \u00eatre actualis\u00e9e tous les 5 ans.<\/h6>\n\n\n<ul class=\"wp-block-gallery aligncenter columns-2 is-cropped wp-block-gallery-1 is-layout-flex wp-block-gallery-is-layout-flex\"><li class=\"blocks-gallery-item\"><figure><img loading=\"lazy\" decoding=\"async\" width=\"3264\" height=\"1836\" src=\"http:\/\/atae.fr\/wp-content\/uploads\/2019\/03\/D\u00e9construction-2-1.jpg\" alt=\"\" data-id=\"193\" class=\"wp-image-193\" srcset=\"https:\/\/atae.fr\/wp-content\/uploads\/2019\/03\/D\u00e9construction-2-1.jpg 3264w, https:\/\/atae.fr\/wp-content\/uploads\/2019\/03\/D\u00e9construction-2-1-300x169.jpg 300w, https:\/\/atae.fr\/wp-content\/uploads\/2019\/03\/D\u00e9construction-2-1-768x432.jpg 768w, https:\/\/atae.fr\/wp-content\/uploads\/2019\/03\/D\u00e9construction-2-1-1024x576.jpg 1024w, https:\/\/atae.fr\/wp-content\/uploads\/2019\/03\/D\u00e9construction-2-1-900x506.jpg 900w, https:\/\/atae.fr\/wp-content\/uploads\/2019\/03\/D\u00e9construction-2-1-1280x720.jpg 1280w\" sizes=\"auto, (max-width: 3264px) 100vw, 3264px\" \/><\/figure><\/li><li class=\"blocks-gallery-item\"><figure><img loading=\"lazy\" decoding=\"async\" width=\"1024\" height=\"768\" src=\"http:\/\/atae.fr\/wp-content\/uploads\/2019\/03\/Piscine-2-3-1024x768.jpg\" alt=\"\" data-id=\"194\" data-link=\"http:\/\/atae.fr\/?attachment_id=194\" class=\"wp-image-194\" srcset=\"https:\/\/atae.fr\/wp-content\/uploads\/2019\/03\/Piscine-2-3-1024x768.jpg 1024w, https:\/\/atae.fr\/wp-content\/uploads\/2019\/03\/Piscine-2-3-300x225.jpg 300w, https:\/\/atae.fr\/wp-content\/uploads\/2019\/03\/Piscine-2-3-768x576.jpg 768w, https:\/\/atae.fr\/wp-content\/uploads\/2019\/03\/Piscine-2-3-900x675.jpg 900w, https:\/\/atae.fr\/wp-content\/uploads\/2019\/03\/Piscine-2-3-1280x960.jpg 1280w\" sizes=\"auto, (max-width: 1024px) 100vw, 1024px\" \/><\/figure><\/li><\/ul>\n","protected":false},"excerpt":{"rendered":"<p>Les Coordonnateurs SPS s\u2019organisent en fonction de 3 cat\u00e9gories, elles d\u00e9pendent du nombre de personnes \u00e0 intervenir sur le chantier \u21d2Cat\u00e9gorie 1: Plus de 10 000 hommes x jours \u21d2Cat\u00e9gorie 2: Plus 500 hommes x jours \u21d2Cat\u00e9gorie 3: Autres op\u00e9rations En fonction de chaque cat\u00e9gorie le CSPS doit obtenir une [&hellip;]<\/p>\n","protected":false},"author":1,"featured_media":0,"parent":0,"menu_order":0,"comment_status":"closed","ping_status":"closed","template":"","meta":{"footnotes":""},"class_list":["post-144","page","type-page","status-publish","hentry"],"_links":{"self":[{"href":"https:\/\/atae.fr\/index.php?rest_route=\/wp\/v2\/pages\/144","targetHints":{"allow":["GET"]}}],"collection":[{"href":"https:\/\/atae.fr\/index.php?rest_route=\/wp\/v2\/pages"}],"about":[{"href":"https:\/\/atae.fr\/index.php?rest_route=\/wp\/v2\/types\/page"}],"author":[{"embeddable":true,"href":"https:\/\/atae.fr\/index.php?rest_route=\/wp\/v2\/users\/1"}],"replies":[{"embeddable":true,"href":"https:\/\/atae.fr\/index.php?rest_route=%2Fwp%2Fv2%2Fcomments&post=144"}],"version-history":[{"count":4,"href":"https:\/\/atae.fr\/index.php?rest_route=\/wp\/v2\/pages\/144\/revisions"}],"predecessor-version":[{"id":550,"href":"https:\/\/atae.fr\/index.php?rest_route=\/wp\/v2\/pages\/144\/revisions\/550"}],"wp:attachment":[{"href":"https:\/\/atae.fr\/index.php?rest_route=%2Fwp%2Fv2%2Fmedia&parent=144"}],"curies":[{"name":"wp","href":"https:\/\/api.w.org\/{rel}","templated":true}]}}