{"id":145,"date":"2019-03-28T15:55:55","date_gmt":"2019-03-28T14:55:55","guid":{"rendered":"http:\/\/atae.fr\/?page_id=145"},"modified":"2019-05-20T12:06:52","modified_gmt":"2019-05-20T10:06:52","slug":"les-missions-dun-coordonnateur-sps","status":"publish","type":"page","link":"https:\/\/atae.fr\/?page_id=145","title":{"rendered":"Les missions d&rsquo;un coordonnateur SPS"},"content":{"rendered":"<h5><span style=\"color: #6d7bc2;\">Les missions de coordination en mati\u00e8re de s\u00e9curit\u00e9 et de protection de la sant\u00e9 propos\u00e9es par ATAE r\u00e9pondent \u00e0 trois exigences:<\/span><\/h5>\n<ul>\n<li>\n<h6>Le devoir moral de pr\u00e9venir les accidents<\/h6>\n<\/li>\n<li>\n<h6>Le conseille aupr\u00e8s du Maitre d\u2019ouvrage, de la maitrise d\u2019oeuvre et des entreprises afin de mettre des moyens communs de travail<\/h6>\n<\/li>\n<li>\n<h6>Les obligations r\u00e9glementaires.<\/h6>\n<\/li>\n<\/ul>\n\n\n<figure class=\"wp-block-image alignfull\"><img loading=\"lazy\" decoding=\"async\" width=\"1024\" height=\"566\" src=\"http:\/\/atae.fr\/wp-content\/uploads\/2019\/03\/mm-1024x566.png\" alt=\"\" class=\"wp-image-183\" srcset=\"https:\/\/atae.fr\/wp-content\/uploads\/2019\/03\/mm-1024x566.png 1024w, https:\/\/atae.fr\/wp-content\/uploads\/2019\/03\/mm-300x166.png 300w, https:\/\/atae.fr\/wp-content\/uploads\/2019\/03\/mm-768x425.png 768w, https:\/\/atae.fr\/wp-content\/uploads\/2019\/03\/mm-900x498.png 900w, https:\/\/atae.fr\/wp-content\/uploads\/2019\/03\/mm.png 1199w\" sizes=\"auto, (max-width: 1024px) 100vw, 1024px\" \/><\/figure>\n\n\n<h5><span style=\"color: #5d76c2;\">Les missions d\u2019ATAE visent \u00e0 assister le Ma\u00eetre d&rsquo;Ouvrage dans ses obligations visant \u00e0 respecter les principes g\u00e9n\u00e9raux de pr\u00e9vention suivants :<\/span><\/h5>\n<h6>1- \u00c9viter les risques<\/h6>\n<h6>2- \u00c9valuer les risques qui ne peuvent \u00eatre \u00e9vit\u00e9s<\/h6>\n<h6>3- Combattre les risques \u00e0 la source<\/h6>\n<h6>4- Tenir compte de l\u2019\u00e9volution de la technique<\/h6>\n<h6>5- Remplacer ce qui est dangereux par ce qui n\u2019est pas dangereux ou par ce qui est moins dangereux<\/h6>\n<h6>6- Planifier la pr\u00e9vention en y int\u00e9grant, dans un ensemble coh\u00e9rent, la technique, l\u2019organisation du travail, les conditions de travail, les relations sociales et l\u2019influence des facteurs ambiants<\/h6>\n<h6>7- Prendre des mesures de protection collective en leur donnant la priorit\u00e9 sur les mesures de protection individuelle<\/h6>","protected":false},"excerpt":{"rendered":"<p>Les missions de coordination en mati\u00e8re de s\u00e9curit\u00e9 et de protection de la sant\u00e9 propos\u00e9es par ATAE r\u00e9pondent \u00e0 trois exigences: Le devoir moral de pr\u00e9venir les accidents Le conseille aupr\u00e8s du Maitre d\u2019ouvrage, de la maitrise d\u2019oeuvre et des entreprises afin de mettre des moyens communs de travail Les [&hellip;]<\/p>\n","protected":false},"author":1,"featured_media":0,"parent":0,"menu_order":0,"comment_status":"closed","ping_status":"closed","template":"","meta":{"footnotes":""},"class_list":["post-145","page","type-page","status-publish","hentry"],"_links":{"self":[{"href":"https:\/\/atae.fr\/index.php?rest_route=\/wp\/v2\/pages\/145","targetHints":{"allow":["GET"]}}],"collection":[{"href":"https:\/\/atae.fr\/index.php?rest_route=\/wp\/v2\/pages"}],"about":[{"href":"https:\/\/atae.fr\/index.php?rest_route=\/wp\/v2\/types\/page"}],"author":[{"embeddable":true,"href":"https:\/\/atae.fr\/index.php?rest_route=\/wp\/v2\/users\/1"}],"replies":[{"embeddable":true,"href":"https:\/\/atae.fr\/index.php?rest_route=%2Fwp%2Fv2%2Fcomments&post=145"}],"version-history":[{"count":15,"href":"https:\/\/atae.fr\/index.php?rest_route=\/wp\/v2\/pages\/145\/revisions"}],"predecessor-version":[{"id":531,"href":"https:\/\/atae.fr\/index.php?rest_route=\/wp\/v2\/pages\/145\/revisions\/531"}],"wp:attachment":[{"href":"https:\/\/atae.fr\/index.php?rest_route=%2Fwp%2Fv2%2Fmedia&parent=145"}],"curies":[{"name":"wp","href":"https:\/\/api.w.org\/{rel}","templated":true}]}}