{"id":469,"date":"2019-04-04T14:53:25","date_gmt":"2019-04-04T12:53:25","guid":{"rendered":"http:\/\/atae.fr\/?page_id=469"},"modified":"2019-04-04T15:03:24","modified_gmt":"2019-04-04T13:03:24","slug":"dde-devis","status":"publish","type":"page","link":"https:\/\/atae.fr\/?page_id=469","title":{"rendered":"DDE Devis"},"content":{"rendered":"<div class=\"caldera-grid\" id=\"caldera_form_1\" data-cf-ver=\"1.9.7\" data-cf-form-id=\"CF5c9dfb7bddbf8\"><div id=\"caldera_notices_1\" data-spinner=\"https:\/\/atae.fr\/wp-admin\/images\/spinner.gif\"><\/div><form data-instance=\"1\" class=\"CF5c9dfb7bddbf8 caldera_forms_form cfajax-trigger\" method=\"POST\" enctype=\"multipart\/form-data\" id=\"CF5c9dfb7bddbf8_1\" data-form-id=\"CF5c9dfb7bddbf8\" aria-label=\"Devis\" data-target=\"#caldera_notices_1\" data-template=\"#cfajax_CF5c9dfb7bddbf8-tmpl\" data-cfajax=\"CF5c9dfb7bddbf8\" data-load-element=\"_parent\" data-load-class=\"cf_processing\" data-post-disable=\"0\" data-action=\"cf_process_ajax_submit\" data-request=\"https:\/\/atae.fr\/?cf_api=CF5c9dfb7bddbf8\" data-hiderows=\"true\">\r\n<input type=\"hidden\" id=\"_cf_verify_CF5c9dfb7bddbf8\" name=\"_cf_verify\" value=\"5b168d3958\"  data-nonce-time=\"1777473934\" \/><input type=\"hidden\" name=\"_wp_http_referer\" value=\"\/index.php?rest_route=%2Fwp%2Fv2%2Fpages%2F469\" \/><div id=\"cf2-CF5c9dfb7bddbf8_1\"><\/div><input type=\"hidden\" name=\"_cf_frm_id\" value=\"CF5c9dfb7bddbf8\">\r\n<input type=\"hidden\" name=\"_cf_frm_ct\" value=\"1\">\r\n<input type=\"hidden\" name=\"cfajax\" value=\"CF5c9dfb7bddbf8\">\r\n<input type=\"hidden\" name=\"_cf_cr_pst\" value=\"469\">\r\n<div class=\"hide\" style=\"display:none; overflow:hidden;height:0;width:0;\">\r\n<label>Phone<\/label><input type=\"text\" name=\"phone\" value=\"\" autocomplete=\"off\">\r\n<\/div><div id=\"CF5c9dfb7bddbf8_1-row-1\"  class=\"row  first_row\"><div  class=\"col-sm-6  first_col\"><div data-field-wrapper=\"fld_185917\" class=\"form-group\" id=\"fld_185917_1-wrap\">\r\n\t<label id=\"fld_185917Label\" for=\"fld_185917_1\" class=\"control-label\">Coordonn\u00e9es compl\u00e8tes du Ma\u00eetre d&rsquo;Ouvrage<\/label>\r\n\t<div class=\"\">\r\n\t\t<input    type=\"text\" data-field=\"fld_185917\" class=\" form-control\" id=\"fld_185917_1\" name=\"fld_185917\" value=\"\" data-type=\"text\"   aria-labelledby=\"fld_185917Label\" >\t\t\t<\/div>\r\n<\/div>\r\n<\/div><div  class=\"col-sm-6  last_col\"><div data-field-wrapper=\"fld_6892512\" class=\"form-group\" id=\"fld_6892512_1-wrap\">\r\n\t<label id=\"fld_6892512Label\" for=\"fld_6892512_1\" class=\"control-label\">Lieu du chantier<\/label>\r\n\t<div class=\"\">\r\n\t\t<input    type=\"text\" data-field=\"fld_6892512\" class=\" form-control\" id=\"fld_6892512_1\" name=\"fld_6892512\" value=\"\" data-type=\"text\"   aria-labelledby=\"fld_6892512Label\" >\t\t\t<\/div>\r\n<\/div>\r\n<\/div><\/div><div id=\"CF5c9dfb7bddbf8_1-row-2\"  class=\"row \"><div  class=\"col-sm-12  single\"><div data-field-wrapper=\"fld_2254781\" class=\"form-group\" id=\"fld_2254781_1-wrap\">\r\n\t<label id=\"fld_2254781Label\" for=\"fld_2254781_1\" class=\"control-label\">Dur\u00e9e de r\u00e9alisation des travaux en mois<\/label>\r\n\t<div class=\"\">\r\n\t\t<input    type=\"text\" data-field=\"fld_2254781\" class=\" form-control\" id=\"fld_2254781_1\" name=\"fld_2254781\" value=\"\" data-type=\"text\"   aria-labelledby=\"fld_2254781Label\" >\t\t\t<\/div>\r\n<\/div>\r\n<div data-field-wrapper=\"fld_7900587\" class=\"form-group\" id=\"fld_7900587_1-wrap\">\r\n\t<label id=\"fld_7900587Label\" for=\"fld_7900587_1\" class=\"control-label\">Adresse de messagerie<\/label>\r\n\t<div class=\"\">\r\n\t\t<input    type=\"email\" data-field=\"fld_7900587\" class=\" form-control\" id=\"fld_7900587_1\" name=\"fld_7900587\" value=\"\" data-type=\"email\"   aria-labelledby=\"fld_7900587Label\" >\t\t\t<\/div>\r\n<\/div>\r\n<\/div><\/div><div id=\"CF5c9dfb7bddbf8_1-row-3\"  class=\"row \"><div  class=\"col-sm-6  first_col\"><div data-field-wrapper=\"fld_9356744\" class=\"form-group\" id=\"fld_9356744_1-wrap\">\r\n\t<label id=\"fld_9356744Label\" for=\"fld_9356744_1\" class=\"control-label\">Nom de l&rsquo;op\u00e9ration<\/label>\r\n\t<div class=\"\">\r\n\t\t<input    type=\"text\" data-field=\"fld_9356744\" class=\" form-control\" id=\"fld_9356744_1\" name=\"fld_9356744\" value=\"\" data-type=\"text\"   aria-labelledby=\"fld_9356744Label\" >\t\t\t<\/div>\r\n<\/div>\r\n<\/div><div  class=\"col-sm-6  last_col\"><div data-field-wrapper=\"fld_9099709\" class=\"form-group\" id=\"fld_9099709_1-wrap\">\r\n\t<label id=\"fld_9099709Label\" for=\"fld_9099709_1\" class=\"control-label\">Type d&rsquo;op\u00e9ration (ex: R\u00e9habilitation, Construction, D\u00e9molition, VRD&#8230;)<\/label>\r\n\t<div class=\"\">\r\n\t\t<input    type=\"text\" data-field=\"fld_9099709\" class=\" form-control\" id=\"fld_9099709_1\" name=\"fld_9099709\" value=\"\" data-type=\"text\"   aria-labelledby=\"fld_9099709Label\" >\t\t\t<\/div>\r\n<\/div>\r\n<\/div><\/div><div id=\"CF5c9dfb7bddbf8_1-row-4\"  class=\"row \"><div  class=\"col-sm-12  single\"><div data-field-wrapper=\"fld_2017551\" class=\"form-group\" id=\"fld_2017551_1-wrap\">\r\n\t<label id=\"fld_2017551Label\" for=\"fld_2017551_1\" class=\"control-label\">Particularit\u00e9 (ex: Pr\u00e9sence d&rsquo;amiante, travaux en site occup\u00e9&#8230;)<\/label>\r\n\t<div class=\"\">\r\n\t\t<input    type=\"text\" data-field=\"fld_2017551\" class=\" form-control\" id=\"fld_2017551_1\" name=\"fld_2017551\" value=\"\" data-type=\"text\"   aria-labelledby=\"fld_2017551Label\" >\t\t\t<\/div>\r\n<\/div>\r\n<div data-field-wrapper=\"fld_7065985\" class=\"form-group\" id=\"fld_7065985_1-wrap\">\r\n\t<label id=\"fld_7065985Label\" for=\"fld_7065985_1\" class=\"control-label\">Comment nous avez-vous connu ?<\/label>\r\n\t<div class=\"\">\r\n\t\t\t\t\t\t\t\t\t\t\t<div class=\"checkbox\">\n\t\t\t\t\n                <label                         for=\"fld_7065985_1_opt1275412\"\n                >\n                            <input\n                                                                type=\"checkbox\"\n                                data-label=\"Site internet\"\n                                data-field=\"fld_7065985\"\n                                id=\"fld_7065985_1_opt1275412\"\n                                class=\"fld_7065985_1\"\n                                name=\"fld_7065985[opt1275412]\"\n                                value=\"Site internet\"\n                                                                data-type=\"checkbox\"\n                                data-checkbox-field=\"fld_7065985_1\"\n                                                                data-calc-value=\"Site internet\"\n                            >\n                    Site internet                <\/label>\n\n                \t\t\t\t\t<\/div>\n\t\t\t\t\t\t\t\t\t\t\t\t\t\t\t\t\t<div class=\"checkbox\">\n\t\t\t\t\n                <label                         for=\"fld_7065985_1_opt1101232\"\n                >\n                            <input\n                                                                type=\"checkbox\"\n                                data-label=\"Page jaune\"\n                                data-field=\"fld_7065985\"\n                                id=\"fld_7065985_1_opt1101232\"\n                                class=\"fld_7065985_1\"\n                                name=\"fld_7065985[opt1101232]\"\n                                value=\"Page jaune\"\n                                                                data-type=\"checkbox\"\n                                data-checkbox-field=\"fld_7065985_1\"\n                                                                data-calc-value=\"Page jaune\"\n                            >\n                    Page jaune                <\/label>\n\n                \t\t\t\t\t<\/div>\n\t\t\t\t\t\t\t\t\t\t\t\t\t\t\t\t\t<div class=\"checkbox\">\n\t\t\t\t\n                <label                         for=\"fld_7065985_1_opt1857920\"\n                >\n                            <input\n                                                                type=\"checkbox\"\n                                data-label=\"R\u00e9seaux\"\n                                data-field=\"fld_7065985\"\n                                id=\"fld_7065985_1_opt1857920\"\n                                class=\"fld_7065985_1\"\n                                name=\"fld_7065985[opt1857920]\"\n                                value=\"R\u00e9seaux\"\n                                                                data-type=\"checkbox\"\n                                data-checkbox-field=\"fld_7065985_1\"\n                                                                data-calc-value=\"R\u00e9seaux\"\n                            >\n                    R\u00e9seaux                <\/label>\n\n                \t\t\t\t\t<\/div>\n\t\t\t\t\t\t\t\t\t\t\t\t\t\t\t\t\t<div class=\"checkbox\">\n\t\t\t\t\n                <label                         for=\"fld_7065985_1_opt1246016\"\n                >\n                            <input\n                                                                type=\"checkbox\"\n                                data-label=\"LinkedIn\"\n                                data-field=\"fld_7065985\"\n                                id=\"fld_7065985_1_opt1246016\"\n                                class=\"fld_7065985_1\"\n                                name=\"fld_7065985[opt1246016]\"\n                                value=\"LinkedIn\"\n                                                                data-type=\"checkbox\"\n                                data-checkbox-field=\"fld_7065985_1\"\n                                                                data-calc-value=\"LinkedIn\"\n                            >\n                    LinkedIn                <\/label>\n\n                \t\t\t\t\t<\/div>\n\t\t\t\t\t\t\t\t\t\t\t<\/div>\r\n<\/div>\r\n<\/div><\/div><div id=\"CF5c9dfb7bddbf8_1-row-5\"  class=\"row \"><div  class=\"col-sm-12  single\"><div data-field-wrapper=\"fld_4089741\" class=\"form-group\" id=\"fld_4089741_1-wrap\">\r\n\t<label id=\"fld_4089741Label\" for=\"fld_4089741_1\" class=\"control-label\">Commentaires<\/label>\r\n\t<div class=\"\">\r\n\t\t<textarea name=\"fld_4089741\" value=\"\" data-field=\"fld_4089741\" class=\"form-control\" id=\"fld_4089741_1\" rows=\"4\"    aria-labelledby=\"fld_4089741Label\" ><\/textarea>\n\t\t\t<\/div>\r\n<\/div>\r\n<div data-field-wrapper=\"fld_7167496\" class=\"form-group\" id=\"fld_7167496_1-wrap\">\r\n<div class=\"\">\r\n\t<input  class=\"btn btn-default\" type=\"submit\" name=\"fld_7167496\" id=\"fld_7167496_1\" value=\"Soumettre\" data-field=\"fld_7167496\"  >\n<\/div>\r\n<\/div>\r\n\t<input class=\"button_trigger_1\" type=\"hidden\" name=\"fld_7167496\" id=\"fld_7167496_1_btn\" value=\"\" data-field=\"fld_7167496\"  \/>\n<\/div><\/div><div id=\"CF5c9dfb7bddbf8_1-row-6\"  class=\"row  last_row\"><div  class=\"col-sm-12  single\"><\/div><\/div><\/form>\r\n<\/div>\r\n","protected":false},"excerpt":{"rendered":"","protected":false},"author":1,"featured_media":0,"parent":0,"menu_order":0,"comment_status":"closed","ping_status":"closed","template":"","meta":{"footnotes":""},"class_list":["post-469","page","type-page","status-publish","hentry"],"_links":{"self":[{"href":"https:\/\/atae.fr\/index.php?rest_route=\/wp\/v2\/pages\/469","targetHints":{"allow":["GET"]}}],"collection":[{"href":"https:\/\/atae.fr\/index.php?rest_route=\/wp\/v2\/pages"}],"about":[{"href":"https:\/\/atae.fr\/index.php?rest_route=\/wp\/v2\/types\/page"}],"author":[{"embeddable":true,"href":"https:\/\/atae.fr\/index.php?rest_route=\/wp\/v2\/users\/1"}],"replies":[{"embeddable":true,"href":"https:\/\/atae.fr\/index.php?rest_route=%2Fwp%2Fv2%2Fcomments&post=469"}],"version-history":[{"count":2,"href":"https:\/\/atae.fr\/index.php?rest_route=\/wp\/v2\/pages\/469\/revisions"}],"predecessor-version":[{"id":489,"href":"https:\/\/atae.fr\/index.php?rest_route=\/wp\/v2\/pages\/469\/revisions\/489"}],"wp:attachment":[{"href":"https:\/\/atae.fr\/index.php?rest_route=%2Fwp%2Fv2%2Fmedia&parent=469"}],"curies":[{"name":"wp","href":"https:\/\/api.w.org\/{rel}","templated":true}]}}